{"id":2,"date":"2021-04-21T12:08:59","date_gmt":"2021-04-21T10:08:59","guid":{"rendered":"https:\/\/remozanotti.it\/?page_id=2"},"modified":"2021-05-05T18:56:20","modified_gmt":"2021-05-05T16:56:20","slug":"nordic-walking","status":"publish","type":"page","link":"https:\/\/remozanotti.it\/index.php\/nordic-walking\/","title":{"rendered":"Nordic Walking"},"content":{"rendered":"<h2>Nordic Walking Abetone. Le passeggiate con i bastoni per i boschi di Abetone e Cutigliano.<\/h2>\n<p>Le uscite di Nordic Walking ad Abetone sono guidate dai nostri trainer certificati Remo Zanotti e Marzia Castagnoli, che vi insegneranno l\u2019arte di questa magnifica disciplina e vi accompagneranno negli splendidi paesaggi e nella natura incontaminata di Abetone e Cutigliano.<\/p>\n<p>L\u2019orario di partenza e la durata del tour pu\u00f2 cambiare a seconda del percorso e del meteo, generalmente \u00e8 in prima mattina ad Abetone, comunque verr\u00e0 comunicato al momento della prenotazione.<\/p>\n<p><img decoding=\"async\" class=\"wp-image-61 size-full aligncenter\" src=\"https:\/\/remozanotti.it\/wp-content\/uploads\/2021\/05\/WhatsApp-Image-2021-05-05-at-18.44.08.jpeg\" alt=\"\" width=\"1024\" height=\"769\" srcset=\"https:\/\/remozanotti.it\/wp-content\/uploads\/2021\/05\/WhatsApp-Image-2021-05-05-at-18.44.08.jpeg 1024w, https:\/\/remozanotti.it\/wp-content\/uploads\/2021\/05\/WhatsApp-Image-2021-05-05-at-18.44.08-300x225.jpeg 300w, https:\/\/remozanotti.it\/wp-content\/uploads\/2021\/05\/WhatsApp-Image-2021-05-05-at-18.44.08-768x577.jpeg 768w\" sizes=\"(max-width: 1024px) 100vw, 1024px\" \/><\/p>\n<p>&nbsp;<\/p>\n<p><strong>Equipaggiamento per Nordic Walking ad Abetone<\/strong><\/p>\n<p>Zaino, sempre necessario, con dentro acqua e qualche snack, un k-way in caso di pioggia, una maglietta asciutta di ricambio, una felpa o pile. Anche se in estate \u00e8 caldo, in montagna il tempo, soprattutto in quota, pu\u00f2 cambiare velocemente ed \u00e8 sempre bene farsi trovare preparati. Scarpe, preferibilmente da trekking con la caviglia coperta. (Vanno bene anche scarpe da trail running). Si sconsigliano scarpe da ginnastica e soprattutto sneakers!<\/p>\n<p>&nbsp;<\/p>\n<h2><strong>I segreti del Nordic Walking<\/strong><\/h2>\n<p>Il Nordic Walking \u00e8 una forma di attivit\u00e0 fisica in cui alla normale camminata naturale \u00e8 stato aggiunto l\u2019utilizzo attivo e funzionale di un paio di bastoncini specifici, appositamente predisposti per questa disciplina, pur mantenendo intatte le caratteristiche principali di una naturale tecnica di cammino biomeccanicamente corretta. Ne consegue che anche i movimenti delle braccia di una corretta tecnica del Nordic Walking rispettano l\u2019ampiezza dei movimenti della camminata naturale per apportare tutta una serie di benefici.<\/p>\n<p>Nel Nordic Walking i bastoncini hanno la funzione di spinta per coinvolgere il maggior numero di muscoli possibile al fine di aumentare il dispendio energetico e favorire un esercizio benefico a livello cardiocircolatorio. Per ottenere comunque il massimo dei benefici ed avere la massima efficienza dai movimenti, la tecnica diventa determinante.<\/p>\n<p>Il passo alternato (cio\u00e8 l\u2019alternanza dei movimenti di braccio e gamba opposti) ti accompagner\u00e0 nelle tue lunghe camminate ad Abetone, se fatto correttamente, diventa un tutt\u2019uno con la mente portandoti enormi benefici fisici e mentali.<\/p>\n<p>&nbsp;<\/p>\n<p><img decoding=\"async\" class=\"aligncenter wp-image-60 size-large\" src=\"https:\/\/remozanotti.it\/wp-content\/uploads\/2021\/05\/lagonero-768x1024.jpg\" alt=\"\" width=\"680\" height=\"907\" srcset=\"https:\/\/remozanotti.it\/wp-content\/uploads\/2021\/05\/lagonero-768x1024.jpg 768w, https:\/\/remozanotti.it\/wp-content\/uploads\/2021\/05\/lagonero-225x300.jpg 225w, https:\/\/remozanotti.it\/wp-content\/uploads\/2021\/05\/lagonero-1152x1536.jpg 1152w, https:\/\/remozanotti.it\/wp-content\/uploads\/2021\/05\/lagonero.jpg 1536w\" sizes=\"(max-width: 680px) 100vw, 680px\" \/><\/p>\n<p>il Nordic Walking si basa sulla tecnica corretta del camminare, ne rispetta e sostiene lo schema motorio. Un utilizzo tecnicamente corretto dei bastoncini coinvolge attivamente la parte alta del corpo nel lavoro di deambulazione e di propulsione in avanti. Lo sforzo fisico \u00e8 distribuito in un modo versatile, equilibrato e appropriato sui vari gruppi muscolari di tutto il corpo.<br \/>\nLa tecnica di utilizzo dei bastoncini presenta alcune caratteristiche simili a quella dello sci di fondo che sono state trasferite al Nordic Walking.<\/p>\n<p>A tutti coloro che vogliono perdere peso, \u201cbruciare grassi\u201d, tonificare\/rinforzare la muscolatura del corpo e fare un\u2019attivit\u00e0 allenante, il Nordic Walking offre un\u2019ottima possibilit\u00e0.<\/p>\n<p>Il Nordic Walking \u00e8 un\u2019attivit\u00e0 fisica completa e adatta a tutti, indipendentemente dall\u2019et\u00e0, dal sesso o dalla condizione fisica. E\u2019sicura, naturale, dinamica, efficace e allena tutto il corpo in un modo olistico, simmetrico ed equilibrato.<\/p>\n<p>L\u2019obiettivo globale del Nordic Walking \u00e8 il benessere psico-fisico generale.<\/p>\n<p><img decoding=\"async\" class=\"alignnone size-medium wp-image-63\" src=\"https:\/\/remozanotti.it\/wp-content\/uploads\/2021\/05\/remo-marzia-abetone-225x300.jpeg\" alt=\"\" width=\"225\" height=\"300\" srcset=\"https:\/\/remozanotti.it\/wp-content\/uploads\/2021\/05\/remo-marzia-abetone-225x300.jpeg 225w, https:\/\/remozanotti.it\/wp-content\/uploads\/2021\/05\/remo-marzia-abetone.jpeg 720w\" sizes=\"(max-width: 225px) 100vw, 225px\" \/> <img decoding=\"async\" class=\"alignnone size-medium wp-image-64\" src=\"https:\/\/remozanotti.it\/wp-content\/uploads\/2021\/05\/remomarzia-nordic-walking-300x225.jpeg\" alt=\"\" width=\"300\" height=\"225\" srcset=\"https:\/\/remozanotti.it\/wp-content\/uploads\/2021\/05\/remomarzia-nordic-walking-300x225.jpeg 300w, https:\/\/remozanotti.it\/wp-content\/uploads\/2021\/05\/remomarzia-nordic-walking-768x577.jpeg 768w, https:\/\/remozanotti.it\/wp-content\/uploads\/2021\/05\/remomarzia-nordic-walking.jpeg 1024w\" sizes=\"(max-width: 300px) 100vw, 300px\" \/> <img decoding=\"async\" class=\"alignnone size-medium wp-image-65\" src=\"https:\/\/remozanotti.it\/wp-content\/uploads\/2021\/05\/WhatsApp-Image-2021-05-05-at-18.44.08-1-300x225.jpeg\" alt=\"\" width=\"300\" height=\"225\" srcset=\"https:\/\/remozanotti.it\/wp-content\/uploads\/2021\/05\/WhatsApp-Image-2021-05-05-at-18.44.08-1-300x225.jpeg 300w, https:\/\/remozanotti.it\/wp-content\/uploads\/2021\/05\/WhatsApp-Image-2021-05-05-at-18.44.08-1-768x577.jpeg 768w, https:\/\/remozanotti.it\/wp-content\/uploads\/2021\/05\/WhatsApp-Image-2021-05-05-at-18.44.08-1.jpeg 1024w\" sizes=\"(max-width: 300px) 100vw, 300px\" \/><\/p>\n<p><strong>I BENEFICI<\/strong><\/p>\n<p>Migliorare e salvaguardare il benessere e la salute delle persone \u00e8 il principale obiettivo del Nordic Walking.<br \/>\nCerchiamo di riassumere i principali benefici di questa attivit\u00e0.<\/p>\n<p>\u2013 dimagrire, far diminuire la massa grassa del corpo<\/p>\n<p>\u2013 tonificare e rinforzare la muscolatura<\/p>\n<p>\u2013 mantenersi in buona salute con un\u2019attivit\u00e0 fisica sana e completa<\/p>\n<p>\u2013 ridurre dolori fisici<\/p>\n<p>\u2013 si riducono i dolori alla schiena, le tensioni e le rigidit\u00e0 nella zona della nuca e delle spalle<\/p>\n<p>\u2013 migliora la flessibilit\u00e0 della colonna vertebrale e delle articolazioni<\/p>\n<p>\u2013 migliora la postura e la tecnica del cammino<\/p>\n<p>\u2013 rilassarsi liberandosi dallo stress, dal lavoro e dai pensieri<\/p>\n<p><img decoding=\"async\" class=\"aligncenter wp-image-68 size-large\" src=\"https:\/\/remozanotti.it\/wp-content\/uploads\/2021\/05\/nordic-walking-remo-zanotti-2-768x1024.jpeg\" alt=\"\" width=\"680\" height=\"907\" srcset=\"https:\/\/remozanotti.it\/wp-content\/uploads\/2021\/05\/nordic-walking-remo-zanotti-2-768x1024.jpeg 768w, https:\/\/remozanotti.it\/wp-content\/uploads\/2021\/05\/nordic-walking-remo-zanotti-2-225x300.jpeg 225w, https:\/\/remozanotti.it\/wp-content\/uploads\/2021\/05\/nordic-walking-remo-zanotti-2.jpeg 1080w\" sizes=\"(max-width: 680px) 100vw, 680px\" \/><\/p>\n<p>&nbsp;<\/p>\n","protected":false},"excerpt":{"rendered":"<p>Nordic Walking Abetone. Le passeggiate con i bastoni per i boschi di Abetone e Cutigliano. Le uscite di Nordic Walking [&hellip;]<\/p>\n","protected":false},"author":1,"featured_media":0,"parent":0,"menu_order":0,"comment_status":"closed","ping_status":"closed","template":"","meta":{"footnotes":""},"class_list":["post-2","page","type-page","status-publish","hentry"],"yoast_head":"<!-- This site is optimized with the Yoast SEO plugin v16.1.1 - https:\/\/yoast.com\/wordpress\/plugins\/seo\/ -->\n<title>Nordic Walking - Remo Zanotti<\/title>\n<link rel=\"canonical\" href=\"https:\/\/remozanotti.it\/index.php\/nordic-walking\/\" \/>\n<meta property=\"og:locale\" content=\"it_IT\" \/>\n<meta property=\"og:type\" content=\"article\" \/>\n<meta property=\"og:title\" content=\"Nordic Walking - Remo Zanotti\" \/>\n<meta property=\"og:description\" content=\"Nordic Walking Abetone. Le passeggiate con i bastoni per i boschi di Abetone e Cutigliano. Le uscite di Nordic Walking [&hellip;]\" \/>\n<meta property=\"og:url\" content=\"https:\/\/remozanotti.it\/index.php\/nordic-walking\/\" \/>\n<meta property=\"og:site_name\" content=\"Remo Zanotti\" \/>\n<meta property=\"article:modified_time\" content=\"2021-05-05T16:56:20+00:00\" \/>\n<meta property=\"og:image\" content=\"https:\/\/remozanotti.it\/wp-content\/uploads\/2021\/05\/WhatsApp-Image-2021-05-05-at-18.44.08.jpeg\" \/>\n<meta name=\"twitter:card\" content=\"summary_large_image\" \/>\n<meta name=\"twitter:label1\" content=\"Tempo di lettura stimato\">\n\t<meta name=\"twitter:data1\" content=\"4 minuti\">\n<script type=\"application\/ld+json\" class=\"yoast-schema-graph\">{\"@context\":\"https:\/\/schema.org\",\"@graph\":[{\"@type\":\"WebSite\",\"@id\":\"https:\/\/remozanotti.it\/#website\",\"url\":\"https:\/\/remozanotti.it\/\",\"name\":\"Remo Zanotti\",\"description\":\"Nordic Walking and much more...\",\"potentialAction\":[{\"@type\":\"SearchAction\",\"target\":\"https:\/\/remozanotti.it\/?s={search_term_string}\",\"query-input\":\"required name=search_term_string\"}],\"inLanguage\":\"it-IT\"},{\"@type\":\"ImageObject\",\"@id\":\"https:\/\/remozanotti.it\/index.php\/nordic-walking\/#primaryimage\",\"inLanguage\":\"it-IT\",\"url\":\"https:\/\/remozanotti.it\/wp-content\/uploads\/2021\/05\/WhatsApp-Image-2021-05-05-at-18.44.08.jpeg\",\"contentUrl\":\"https:\/\/remozanotti.it\/wp-content\/uploads\/2021\/05\/WhatsApp-Image-2021-05-05-at-18.44.08.jpeg\",\"width\":1024,\"height\":769},{\"@type\":\"WebPage\",\"@id\":\"https:\/\/remozanotti.it\/index.php\/nordic-walking\/#webpage\",\"url\":\"https:\/\/remozanotti.it\/index.php\/nordic-walking\/\",\"name\":\"Nordic Walking - Remo Zanotti\",\"isPartOf\":{\"@id\":\"https:\/\/remozanotti.it\/#website\"},\"primaryImageOfPage\":{\"@id\":\"https:\/\/remozanotti.it\/index.php\/nordic-walking\/#primaryimage\"},\"datePublished\":\"2021-04-21T10:08:59+00:00\",\"dateModified\":\"2021-05-05T16:56:20+00:00\",\"breadcrumb\":{\"@id\":\"https:\/\/remozanotti.it\/index.php\/nordic-walking\/#breadcrumb\"},\"inLanguage\":\"it-IT\",\"potentialAction\":[{\"@type\":\"ReadAction\",\"target\":[\"https:\/\/remozanotti.it\/index.php\/nordic-walking\/\"]}]},{\"@type\":\"BreadcrumbList\",\"@id\":\"https:\/\/remozanotti.it\/index.php\/nordic-walking\/#breadcrumb\",\"itemListElement\":[{\"@type\":\"ListItem\",\"position\":1,\"item\":{\"@type\":\"WebPage\",\"@id\":\"https:\/\/remozanotti.it\/\",\"url\":\"https:\/\/remozanotti.it\/\",\"name\":\"Home\"}},{\"@type\":\"ListItem\",\"position\":2,\"item\":{\"@type\":\"WebPage\",\"@id\":\"https:\/\/remozanotti.it\/index.php\/nordic-walking\/\",\"url\":\"https:\/\/remozanotti.it\/index.php\/nordic-walking\/\",\"name\":\"Nordic Walking\"}}]}]}<\/script>\n<!-- \/ Yoast SEO plugin. -->","_links":{"self":[{"href":"https:\/\/remozanotti.it\/index.php\/wp-json\/wp\/v2\/pages\/2","targetHints":{"allow":["GET"]}}],"collection":[{"href":"https:\/\/remozanotti.it\/index.php\/wp-json\/wp\/v2\/pages"}],"about":[{"href":"https:\/\/remozanotti.it\/index.php\/wp-json\/wp\/v2\/types\/page"}],"author":[{"embeddable":true,"href":"https:\/\/remozanotti.it\/index.php\/wp-json\/wp\/v2\/users\/1"}],"replies":[{"embeddable":true,"href":"https:\/\/remozanotti.it\/index.php\/wp-json\/wp\/v2\/comments?post=2"}],"version-history":[{"count":7,"href":"https:\/\/remozanotti.it\/index.php\/wp-json\/wp\/v2\/pages\/2\/revisions"}],"predecessor-version":[{"id":69,"href":"https:\/\/remozanotti.it\/index.php\/wp-json\/wp\/v2\/pages\/2\/revisions\/69"}],"wp:attachment":[{"href":"https:\/\/remozanotti.it\/index.php\/wp-json\/wp\/v2\/media?parent=2"}],"curies":[{"name":"wp","href":"https:\/\/api.w.org\/{rel}","templated":true}]}}